{"id":5508,"date":"2025-05-08T17:07:33","date_gmt":"2025-05-08T15:07:33","guid":{"rendered":"https:\/\/matthieubourgeois.fr\/?page_id=5508"},"modified":"2025-08-13T12:12:07","modified_gmt":"2025-08-13T10:12:07","slug":"trackday-reglissdays-les-ecuyers-07-mai-2025","status":"publish","type":"page","link":"https:\/\/matthieubourgeois.fr\/en\/trackday-reglissdays-les-ecuyers-07-mai-2025\/","title":{"rendered":"Trackday R\u00e9glissdays Circuit des Ecuyers 7 Mai 2025"},"content":{"rendered":"<div data-elementor-type=\"wp-page\" data-elementor-id=\"5508\" class=\"elementor elementor-5508\" data-elementor-settings=\"{&quot;ha_cmc_init_switcher&quot;:&quot;no&quot;}\">\n\t\t\t\t<div class=\"elementor-element elementor-element-b32c95e e-flex e-con-boxed wpr-particle-no wpr-jarallax-no wpr-parallax-no wpr-sticky-section-no e-con e-parent\" data-id=\"b32c95e\" data-element_type=\"container\" data-settings=\"{&quot;background_background&quot;:&quot;classic&quot;,&quot;_ha_eqh_enable&quot;:false}\">\n\t\t\t\t\t<div class=\"e-con-inner\">\n\t\t<div class=\"elementor-element elementor-element-d3cdefe e-con-full e-flex wpr-particle-no wpr-jarallax-no wpr-parallax-no wpr-sticky-section-no e-con e-child\" data-id=\"d3cdefe\" data-element_type=\"container\" data-settings=\"{&quot;_ha_eqh_enable&quot;:false}\">\n\t\t\t\t<div class=\"elementor-element elementor-element-c81ffc7 elementor-widget elementor-widget-heading\" data-id=\"c81ffc7\" data-element_type=\"widget\" data-widget_type=\"heading.default\">\n\t\t\t\t<div class=\"elementor-widget-container\">\n\t\t\t<style>\/*! elementor - v3.23.0 - 05-08-2024 *\/\n.elementor-heading-title{padding:0;margin:0;line-height:1}.elementor-widget-heading .elementor-heading-title[class*=elementor-size-]>a{color:inherit;font-size:inherit;line-height:inherit}.elementor-widget-heading .elementor-heading-title.elementor-size-small{font-size:15px}.elementor-widget-heading .elementor-heading-title.elementor-size-medium{font-size:19px}.elementor-widget-heading .elementor-heading-title.elementor-size-large{font-size:29px}.elementor-widget-heading .elementor-heading-title.elementor-size-xl{font-size:39px}.elementor-widget-heading .elementor-heading-title.elementor-size-xxl{font-size:59px}<\/style><h2 class=\"elementor-heading-title elementor-size-default\">R\u00e9glissdays<\/h2>\t\t<\/div>\n\t\t\t\t<\/div>\n\t\t\t\t<div class=\"elementor-element elementor-element-b1cec10 elementor-widget elementor-widget-heading\" data-id=\"b1cec10\" data-element_type=\"widget\" data-widget_type=\"heading.default\">\n\t\t\t\t<div class=\"elementor-widget-container\">\n\t\t\t<h2 class=\"elementor-heading-title elementor-size-default\">les ecuyers 07\/05\/25<\/h2>\t\t<\/div>\n\t\t\t\t<\/div>\n\t\t\t\t<\/div>\n\t\t\t\t\t<\/div>\n\t\t\t\t<\/div>\n\t\t<div class=\"elementor-element elementor-element-629c134 e-flex e-con-boxed wpr-particle-no wpr-jarallax-no wpr-parallax-no wpr-sticky-section-no e-con e-parent\" data-id=\"629c134\" data-element_type=\"container\" data-settings=\"{&quot;_ha_eqh_enable&quot;:false}\">\n\t\t\t\t\t<div class=\"e-con-inner\">\n\t\t<div class=\"elementor-element elementor-element-a4916eb e-con-full e-flex wpr-particle-no wpr-jarallax-no wpr-parallax-no wpr-sticky-section-no e-con e-child\" data-id=\"a4916eb\" data-element_type=\"container\" data-settings=\"{&quot;_ha_eqh_enable&quot;:false}\">\n\t\t\t\t<div class=\"elementor-element elementor-element-e1b282d elementor-widget elementor-widget-text-editor\" data-id=\"e1b282d\" data-element_type=\"widget\" data-widget_type=\"text-editor.default\">\n\t\t\t\t<div class=\"elementor-widget-container\">\n\t\t\t<style>\/*! elementor - v3.23.0 - 05-08-2024 *\/\n.elementor-widget-text-editor.elementor-drop-cap-view-stacked .elementor-drop-cap{background-color:#69727d;color:#fff}.elementor-widget-text-editor.elementor-drop-cap-view-framed .elementor-drop-cap{color:#69727d;border:3px solid;background-color:transparent}.elementor-widget-text-editor:not(.elementor-drop-cap-view-default) .elementor-drop-cap{margin-top:8px}.elementor-widget-text-editor:not(.elementor-drop-cap-view-default) .elementor-drop-cap-letter{width:1em;height:1em}.elementor-widget-text-editor .elementor-drop-cap{float:left;text-align:center;line-height:1;font-size:50px}.elementor-widget-text-editor .elementor-drop-cap-letter{display:inline-block}<\/style>\t\t\t\t<p class=\"\" style=\"text-align: center;\" data-start=\"0\" data-end=\"44\"><strong data-start=\"0\" data-end=\"42\">Buy your photos in high definition!<\/strong><\/p><p class=\"\" style=\"text-align: center;\" data-start=\"46\" data-end=\"277\">Chaque photo est disponible \u00e0 l&rsquo;achat \u00e0 l&rsquo;unit\u00e9 \u00e0 6 \u20ac. Les fichiers HD sont en r\u00e9solution maximale et sans filigrane. Un pack complet contenant toutes les photos de votre voiture est disponible au tarif de 50 \u20ac.<\/p><p class=\"\" style=\"text-align: center;\" data-start=\"470\" data-end=\"525\"><strong data-start=\"470\" data-end=\"523\">Pour acheter une\/plusieurs photo(s), ou un pack, <a href=\"https:\/\/matthieubourgeois.fr\/contact\/\">please contact me by email.<\/a><\/strong><\/p><p class=\"\" style=\"text-align: center;\" data-start=\"527\" data-end=\"550\">\ud83d\udcf8 <strong data-start=\"530\" data-end=\"550\" data-is-last-node=\"\">Enjoy the photos!<\/strong><\/p>\t\t\t\t\t\t<\/div>\n\t\t\t\t<\/div>\n\t\t\t\t<\/div>\n\t\t\t\t\t<\/div>\n\t\t\t\t<\/div>\n\t\t\t\t<\/div>","protected":false},"excerpt":{"rendered":"<p>R\u00e9glissdays les ecuyers 07\/05\/25 Achetez vos photos en haute d\u00e9finition! Chaque photo est disponible \u00e0 l&rsquo;achat \u00e0 l&rsquo;unit\u00e9 \u00e0 6 \u20ac. Les fichiers HD sont en r\u00e9solution maximale et sans filigrane. Un pack complet contenant toutes les photos de votre voiture est disponible au tarif de 50 \u20ac. Pour acheter une\/plusieurs photo(s), ou un pack, contactez-moi par e-mail. \ud83d\udcf8 Bon visionnage ! All Ambiance BMW M3 BMW Z3M Caterham Corvette C6 Corvette C7 Lotus Elise S2 Mustang Mx5 NB grise Mx5 NB verte Mx5 NC grise Mx5 NC noire Mx5 NC purple Mx5 NC RC Mx5 ND 30th Mx5 ND noire Mx5 ND RF Mx5 ND rouge Mx5 ND rouge LUDO Porsche 991 GTS<\/p>","protected":false},"author":1,"featured_media":0,"parent":0,"menu_order":0,"comment_status":"closed","ping_status":"closed","template":"","meta":{"_monsterinsights_skip_tracking":false,"_monsterinsights_sitenote_active":false,"_monsterinsights_sitenote_note":"","_monsterinsights_sitenote_category":0,"site-sidebar-layout":"no-sidebar","site-content-layout":"page-builder","ast-site-content-layout":"full-width-container","site-content-style":"default","site-sidebar-style":"default","ast-global-header-display":"","ast-banner-title-visibility":"","ast-main-header-display":"","ast-hfb-above-header-display":"","ast-hfb-below-header-display":"","ast-hfb-mobile-header-display":"","site-post-title":"disabled","ast-breadcrumbs-content":"","ast-featured-img":"disabled","footer-sml-layout":"","theme-transparent-header-meta":"","adv-header-id-meta":"","stick-header-meta":"","header-above-stick-meta":"","header-main-stick-meta":"","header-below-stick-meta":"","astra-migrate-meta-layouts":"set","ast-page-background-enabled":"default","ast-page-background-meta":{"desktop":{"background-color":"","background-image":"","background-repeat":"repeat","background-position":"center center","background-size":"auto","background-attachment":"scroll","background-type":"","background-media":"","overlay-type":"","overlay-color":"","overlay-opacity":"","overlay-gradient":""},"tablet":{"background-color":"","background-image":"","background-repeat":"repeat","background-position":"center center","background-size":"auto","background-attachment":"scroll","background-type":"","background-media":"","overlay-type":"","overlay-color":"","overlay-opacity":"","overlay-gradient":""},"mobile":{"background-color":"","background-image":"","background-repeat":"repeat","background-position":"center center","background-size":"auto","background-attachment":"scroll","background-type":"","background-media":"","overlay-type":"","overlay-color":"","overlay-opacity":"","overlay-gradient":""}},"ast-content-background-meta":{"desktop":{"background-color":"var(--ast-global-color-5)","background-image":"","background-repeat":"repeat","background-position":"center center","background-size":"auto","background-attachment":"scroll","background-type":"","background-media":"","overlay-type":"","overlay-color":"","overlay-opacity":"","overlay-gradient":""},"tablet":{"background-color":"var(--ast-global-color-5)","background-image":"","background-repeat":"repeat","background-position":"center center","background-size":"auto","background-attachment":"scroll","background-type":"","background-media":"","overlay-type":"","overlay-color":"","overlay-opacity":"","overlay-gradient":""},"mobile":{"background-color":"var(--ast-global-color-5)","background-image":"","background-repeat":"repeat","background-position":"center center","background-size":"auto","background-attachment":"scroll","background-type":"","background-media":"","overlay-type":"","overlay-color":"","overlay-opacity":"","overlay-gradient":""}},"footnotes":""},"yoast_head":"<!-- This site is optimized with the Yoast SEO plugin v22.5 - https:\/\/yoast.com\/wordpress\/plugins\/seo\/ -->\n<title>Trackday R\u00e9glissdays Circuit des Ecuyers 7 Mai 2025 - Matthieu Bourgeois<\/title>\n<meta name=\"robots\" content=\"index, follow, max-snippet:-1, max-image-preview:large, max-video-preview:-1\" \/>\n<link rel=\"canonical\" href=\"https:\/\/matthieubourgeois.fr\/en\/trackday-reglissdays-les-ecuyers-07-mai-2025\/\" \/>\n<meta property=\"og:locale\" content=\"en_GB\" \/>\n<meta property=\"og:type\" content=\"article\" \/>\n<meta property=\"og:title\" content=\"Trackday R\u00e9glissdays Circuit des Ecuyers 7 Mai 2025 - Matthieu Bourgeois\" \/>\n<meta property=\"og:description\" content=\"R\u00e9glissdays les ecuyers 07\/05\/25 Achetez vos photos en haute d\u00e9finition! Chaque photo est disponible \u00e0 l&rsquo;achat \u00e0 l&rsquo;unit\u00e9 \u00e0 6 \u20ac. Les fichiers HD sont en r\u00e9solution maximale et sans filigrane. Un pack complet contenant toutes les photos de votre voiture est disponible au tarif de 50 \u20ac. Pour acheter une\/plusieurs photo(s), ou un pack, contactez-moi par e-mail. \ud83d\udcf8 Bon visionnage ! All Ambiance BMW M3 BMW Z3M Caterham Corvette C6 Corvette C7 Lotus Elise S2 Mustang Mx5 NB grise Mx5 NB verte Mx5 NC grise Mx5 NC noire Mx5 NC purple Mx5 NC RC Mx5 ND 30th Mx5 ND noire Mx5 ND RF Mx5 ND rouge Mx5 ND rouge LUDO Porsche 991 GTS\" \/>\n<meta property=\"og:url\" content=\"https:\/\/matthieubourgeois.fr\/en\/trackday-reglissdays-les-ecuyers-07-mai-2025\/\" \/>\n<meta property=\"og:site_name\" content=\"Matthieu Bourgeois\" \/>\n<meta property=\"article:publisher\" content=\"https:\/\/www.facebook.com\/MatthieuBourgeoisPhotographe\" \/>\n<meta property=\"article:modified_time\" content=\"2025-08-13T10:12:07+00:00\" \/>\n<meta property=\"og:image\" content=\"https:\/\/matthieubourgeois.fr\/wp-content\/uploads\/2024\/01\/7504311-2-scaled.jpg\" \/>\n\t<meta property=\"og:image:width\" content=\"2560\" \/>\n\t<meta property=\"og:image:height\" content=\"1709\" \/>\n\t<meta property=\"og:image:type\" content=\"image\/jpeg\" \/>\n<meta name=\"twitter:card\" content=\"summary_large_image\" \/>\n<meta name=\"twitter:label1\" content=\"Estimated reading time\" \/>\n\t<meta name=\"twitter:data1\" content=\"1 minute\" \/>\n<script type=\"application\/ld+json\" class=\"yoast-schema-graph\">{\"@context\":\"https:\/\/schema.org\",\"@graph\":[{\"@type\":\"WebPage\",\"@id\":\"https:\/\/matthieubourgeois.fr\/trackday-reglissdays-les-ecuyers-07-mai-2025\/\",\"url\":\"https:\/\/matthieubourgeois.fr\/trackday-reglissdays-les-ecuyers-07-mai-2025\/\",\"name\":\"Trackday R\u00e9glissdays Circuit des Ecuyers 7 Mai 2025 - Matthieu Bourgeois\",\"isPartOf\":{\"@id\":\"https:\/\/matthieubourgeois.fr\/#website\"},\"datePublished\":\"2025-05-08T15:07:33+00:00\",\"dateModified\":\"2025-08-13T10:12:07+00:00\",\"breadcrumb\":{\"@id\":\"https:\/\/matthieubourgeois.fr\/trackday-reglissdays-les-ecuyers-07-mai-2025\/#breadcrumb\"},\"inLanguage\":\"en-GB\",\"potentialAction\":[{\"@type\":\"ReadAction\",\"target\":[\"https:\/\/matthieubourgeois.fr\/trackday-reglissdays-les-ecuyers-07-mai-2025\/\"]}]},{\"@type\":\"BreadcrumbList\",\"@id\":\"https:\/\/matthieubourgeois.fr\/trackday-reglissdays-les-ecuyers-07-mai-2025\/#breadcrumb\",\"itemListElement\":[{\"@type\":\"ListItem\",\"position\":1,\"name\":\"Accueil\",\"item\":\"https:\/\/matthieubourgeois.fr\/\"},{\"@type\":\"ListItem\",\"position\":2,\"name\":\"Trackday R\u00e9glissdays Circuit des Ecuyers 7 Mai 2025\"}]},{\"@type\":\"WebSite\",\"@id\":\"https:\/\/matthieubourgeois.fr\/#website\",\"url\":\"https:\/\/matthieubourgeois.fr\/\",\"name\":\"Matthieu Bourgeois\",\"description\":\"\",\"potentialAction\":[{\"@type\":\"SearchAction\",\"target\":{\"@type\":\"EntryPoint\",\"urlTemplate\":\"https:\/\/matthieubourgeois.fr\/?s={search_term_string}\"},\"query-input\":\"required name=search_term_string\"}],\"inLanguage\":\"en-GB\"}]}<\/script>\n<!-- \/ Yoast SEO plugin. -->","yoast_head_json":{"title":"Trackday R\u00e9glissdays Circuit des Ecuyers 7 Mai 2025 - Matthieu Bourgeois","robots":{"index":"index","follow":"follow","max-snippet":"max-snippet:-1","max-image-preview":"max-image-preview:large","max-video-preview":"max-video-preview:-1"},"canonical":"https:\/\/matthieubourgeois.fr\/en\/trackday-reglissdays-les-ecuyers-07-mai-2025\/","og_locale":"en_GB","og_type":"article","og_title":"Trackday R\u00e9glissdays Circuit des Ecuyers 7 Mai 2025 - Matthieu Bourgeois","og_description":"R\u00e9glissdays les ecuyers 07\/05\/25 Achetez vos photos en haute d\u00e9finition! Chaque photo est disponible \u00e0 l&rsquo;achat \u00e0 l&rsquo;unit\u00e9 \u00e0 6 \u20ac. Les fichiers HD sont en r\u00e9solution maximale et sans filigrane. Un pack complet contenant toutes les photos de votre voiture est disponible au tarif de 50 \u20ac. Pour acheter une\/plusieurs photo(s), ou un pack, contactez-moi par e-mail. \ud83d\udcf8 Bon visionnage ! All Ambiance BMW M3 BMW Z3M Caterham Corvette C6 Corvette C7 Lotus Elise S2 Mustang Mx5 NB grise Mx5 NB verte Mx5 NC grise Mx5 NC noire Mx5 NC purple Mx5 NC RC Mx5 ND 30th Mx5 ND noire Mx5 ND RF Mx5 ND rouge Mx5 ND rouge LUDO Porsche 991 GTS","og_url":"https:\/\/matthieubourgeois.fr\/en\/trackday-reglissdays-les-ecuyers-07-mai-2025\/","og_site_name":"Matthieu Bourgeois","article_publisher":"https:\/\/www.facebook.com\/MatthieuBourgeoisPhotographe","article_modified_time":"2025-08-13T10:12:07+00:00","og_image":[{"width":2560,"height":1709,"url":"https:\/\/matthieubourgeois.fr\/wp-content\/uploads\/2024\/01\/7504311-2-scaled.jpg","type":"image\/jpeg"}],"twitter_card":"summary_large_image","twitter_misc":{"Estimated reading time":"1 minute"},"schema":{"@context":"https:\/\/schema.org","@graph":[{"@type":"WebPage","@id":"https:\/\/matthieubourgeois.fr\/trackday-reglissdays-les-ecuyers-07-mai-2025\/","url":"https:\/\/matthieubourgeois.fr\/trackday-reglissdays-les-ecuyers-07-mai-2025\/","name":"Trackday R\u00e9glissdays Circuit des Ecuyers 7 Mai 2025 - Matthieu Bourgeois","isPartOf":{"@id":"https:\/\/matthieubourgeois.fr\/#website"},"datePublished":"2025-05-08T15:07:33+00:00","dateModified":"2025-08-13T10:12:07+00:00","breadcrumb":{"@id":"https:\/\/matthieubourgeois.fr\/trackday-reglissdays-les-ecuyers-07-mai-2025\/#breadcrumb"},"inLanguage":"en-GB","potentialAction":[{"@type":"ReadAction","target":["https:\/\/matthieubourgeois.fr\/trackday-reglissdays-les-ecuyers-07-mai-2025\/"]}]},{"@type":"BreadcrumbList","@id":"https:\/\/matthieubourgeois.fr\/trackday-reglissdays-les-ecuyers-07-mai-2025\/#breadcrumb","itemListElement":[{"@type":"ListItem","position":1,"name":"Accueil","item":"https:\/\/matthieubourgeois.fr\/"},{"@type":"ListItem","position":2,"name":"Trackday R\u00e9glissdays Circuit des Ecuyers 7 Mai 2025"}]},{"@type":"WebSite","@id":"https:\/\/matthieubourgeois.fr\/#website","url":"https:\/\/matthieubourgeois.fr\/","name":"Matthieu Bourgeois","description":"","potentialAction":[{"@type":"SearchAction","target":{"@type":"EntryPoint","urlTemplate":"https:\/\/matthieubourgeois.fr\/?s={search_term_string}"},"query-input":"required name=search_term_string"}],"inLanguage":"en-GB"}]}},"_links":{"self":[{"href":"https:\/\/matthieubourgeois.fr\/en\/wp-json\/wp\/v2\/pages\/5508"}],"collection":[{"href":"https:\/\/matthieubourgeois.fr\/en\/wp-json\/wp\/v2\/pages"}],"about":[{"href":"https:\/\/matthieubourgeois.fr\/en\/wp-json\/wp\/v2\/types\/page"}],"author":[{"embeddable":true,"href":"https:\/\/matthieubourgeois.fr\/en\/wp-json\/wp\/v2\/users\/1"}],"replies":[{"embeddable":true,"href":"https:\/\/matthieubourgeois.fr\/en\/wp-json\/wp\/v2\/comments?post=5508"}],"version-history":[{"count":83,"href":"https:\/\/matthieubourgeois.fr\/en\/wp-json\/wp\/v2\/pages\/5508\/revisions"}],"predecessor-version":[{"id":7193,"href":"https:\/\/matthieubourgeois.fr\/en\/wp-json\/wp\/v2\/pages\/5508\/revisions\/7193"}],"wp:attachment":[{"href":"https:\/\/matthieubourgeois.fr\/en\/wp-json\/wp\/v2\/media?parent=5508"}],"curies":[{"name":"wp","href":"https:\/\/api.w.org\/{rel}","templated":true}]}}